{"id":61,"date":"2019-12-20T08:40:13","date_gmt":"2019-12-20T07:40:13","guid":{"rendered":"https:\/\/omzz.cp2.tuke.sk\/?page_id=61"},"modified":"2025-02-14T13:33:13","modified_gmt":"2025-02-14T12:33:13","slug":"kontakt","status":"publish","type":"page","link":"https:\/\/omzz.fberg.tuke.sk\/?page_id=61","title":{"rendered":"Kontakt"},"content":{"rendered":"\n<p><em>Oddelenie mana\u017e\u00e9rstva zemsk\u00fdch zdrojov<\/em><br>Technick\u00e1 univerzita v Ko\u0161iciach,<br>Fakulta BERG, \u00dastav zemsk\u00fdch zdrojov<br>Park Komensk\u00e9ho 19<br>042 00 Ko\u0161ice<br><br><strong>Ved\u00faca oddelenia:<\/strong><br><strong>doc. Ing. Andrea Se\u0148ov\u00e1, PhD.<\/strong><br>E-mail: andrea.senova@tuke.sk<br>Tel.: +421\u00a055\u00a0602\u00a02985\u00a0\u00a0<br><br>Spr\u00e1va a aktualiz\u00e1cia web str\u00e1nky: <br>doc. Ing. Martin Beer, PhD. <br>E-mail: <a href=\"mailto:martin.beer@tuke.sk\">martin.beer@tuke.sk<\/a> <\/p>\n","protected":false},"excerpt":{"rendered":"<p>Oddelenie mana\u017e\u00e9rstva zemsk\u00fdch zdrojovTechnick\u00e1 univerzita v Ko\u0161iciach,Fakulta BERG, \u00dastav zemsk\u00fdch zdrojovPark Komensk\u00e9ho 19042 00 Ko\u0161ice Ved\u00faca oddelenia:doc. Ing. Andrea Se\u0148ov\u00e1, PhD.E-mail: andrea.senova@tuke.skTel.: +421\u00a055\u00a0602\u00a02985\u00a0\u00a0 Spr\u00e1va a aktualiz\u00e1cia web str\u00e1nky: doc. Ing. Martin Beer, PhD. E-mail: martin.beer@tuke.sk<\/p>\n","protected":false},"author":1,"featured_media":0,"parent":0,"menu_order":0,"comment_status":"closed","ping_status":"closed","template":"","meta":{"footnotes":""},"class_list":["post-61","page","type-page","status-publish","hentry"],"_links":{"self":[{"href":"https:\/\/omzz.fberg.tuke.sk\/index.php?rest_route=\/wp\/v2\/pages\/61","targetHints":{"allow":["GET"]}}],"collection":[{"href":"https:\/\/omzz.fberg.tuke.sk\/index.php?rest_route=\/wp\/v2\/pages"}],"about":[{"href":"https:\/\/omzz.fberg.tuke.sk\/index.php?rest_route=\/wp\/v2\/types\/page"}],"author":[{"embeddable":true,"href":"https:\/\/omzz.fberg.tuke.sk\/index.php?rest_route=\/wp\/v2\/users\/1"}],"replies":[{"embeddable":true,"href":"https:\/\/omzz.fberg.tuke.sk\/index.php?rest_route=%2Fwp%2Fv2%2Fcomments&post=61"}],"version-history":[{"count":2,"href":"https:\/\/omzz.fberg.tuke.sk\/index.php?rest_route=\/wp\/v2\/pages\/61\/revisions"}],"predecessor-version":[{"id":451,"href":"https:\/\/omzz.fberg.tuke.sk\/index.php?rest_route=\/wp\/v2\/pages\/61\/revisions\/451"}],"wp:attachment":[{"href":"https:\/\/omzz.fberg.tuke.sk\/index.php?rest_route=%2Fwp%2Fv2%2Fmedia&parent=61"}],"curies":[{"name":"wp","href":"https:\/\/api.w.org\/{rel}","templated":true}]}}