{"id":52,"date":"2019-12-20T08:39:05","date_gmt":"2019-12-20T07:39:05","guid":{"rendered":"https:\/\/omzz.cp2.tuke.sk\/?page_id=51"},"modified":"2025-02-18T13:57:52","modified_gmt":"2025-02-18T12:57:52","slug":"zamestnanci","status":"publish","type":"page","link":"https:\/\/omzz.fberg.tuke.sk\/?page_id=52","title":{"rendered":"Zamestnanci"},"content":{"rendered":"<div class=\"wp-block-image\">\n<figure class=\"alignleft size-full\"><img loading=\"lazy\" decoding=\"async\" width=\"150\" height=\"150\" src=\"https:\/\/omzz.fberg.tuke.sk\/wp-content\/uploads\/2023\/03\/Senova150.jpg\" alt=\"\" class=\"wp-image-336\"\/><\/figure><\/div>\n\n\n<p><strong>doc. Ing. Andrea Se\u0148ov\u00e1, PhD. <\/strong>&#8211; <em>ved\u00faca Oddelenia mana\u017e\u00e9rstva zemsk\u00fdch zdrojov<\/em><br>E-mail: andrea.senova@tuke.sk<br>Tel.: +421&nbsp;55&nbsp;602&nbsp;2985&nbsp;&nbsp;<br>Zameranie: Zelen\u00e1 ekonomika, Rizikov\u00fd mana\u017ement, Odvetvov\u00e1 ekonomika, Environment\u00e1lna a energetick\u00e1 politika<br>Konzulta\u010dn\u00e9 hodiny: utorok 12:00 &#8211; 13:00, streda 13:00 &#8211; 14:00<\/p>\n\n\n\n<div style=\"height:20px\" aria-hidden=\"true\" class=\"wp-block-spacer\"><\/div>\n\n\n<div class=\"wp-block-image\">\n<figure class=\"alignleft size-large\"><img loading=\"lazy\" decoding=\"async\" width=\"150\" height=\"150\" src=\"https:\/\/omzz.fberg.tuke.sk\/wp-content\/uploads\/2020\/01\/cehlar.jpg\" alt=\"\" class=\"wp-image-187\"\/><\/figure><\/div>\n\n\n<p><em><strong>Dr.h.c. prof. Ing. Michal Cehl\u00e1r, PhD.&nbsp;<\/strong><\/em>&#8211; <em>dekan<\/em> <em>FBERG<\/em><br>E-mail: michal.cehlar@tuke.sk <br>Tel.: +421 55 602 2009 <br>Zameranie: Efekt\u00edvnos\u0165 invest\u00edci\u00ed v oce\u0148ovan\u00ed zemsk\u00fdch zdrojov, Mana\u017e\u00e9rstvo zemsk\u00fdch zdrojov<br>Konzulta\u010dn\u00e9 hodiny: utorok 8:00 &#8211; 9:00<\/p>\n\n\n\n<div style=\"height:20px\" aria-hidden=\"true\" class=\"wp-block-spacer\"><\/div>\n\n\n<div class=\"wp-block-image\">\n<figure class=\"alignleft size-full\"><img loading=\"lazy\" decoding=\"async\" width=\"150\" height=\"150\" src=\"https:\/\/omzz.fberg.tuke.sk\/wp-content\/uploads\/2023\/03\/Samer-civil150.jpg\" alt=\"\" class=\"wp-image-326\"\/><\/figure><\/div>\n\n\n<p><em><strong>prof. Ing. Samer Khouri, PhD.<\/strong><\/em> prodekan pre rozvoj a informatiz\u00e1ciu<br>E-mail: samer.khouri@tuke.sk <br>Tel.: +421 55 602  2026 <br>Zameranie: Informatiz\u00e1cia a\u00a0digitaliz\u00e1cia v\u00a0oblasti zemsk\u00fdch zdrojov<br>Konzulta\u010dn\u00e9 hodiny: streda 13:00 &#8211; 14:00<\/p>\n\n\n\n<div style=\"height:20px\" aria-hidden=\"true\" class=\"wp-block-spacer\"><\/div>\n\n\n<div class=\"wp-block-image\">\n<figure class=\"alignleft size-full\"><img loading=\"lazy\" decoding=\"async\" width=\"150\" height=\"150\" src=\"https:\/\/omzz.fberg.tuke.sk\/wp-content\/uploads\/2023\/03\/Simkova150.jpg\" alt=\"\" class=\"wp-image-337\"\/><\/figure><\/div>\n\n\n<p><strong>doc. Ing. Zuzana \u0160imkov\u00e1, PhD. <\/strong>&#8211; prodekanka pre vedecko-v\u00fdskumn\u00fa \u010dinnos\u0165 a&nbsp;vzdel\u00e1vanie v&nbsp;III. stupni \u0161t\u00fadia<br>E-mail: zuzana.simkova@tuke.sk <br>Tel.: +421&nbsp;55&nbsp;602&nbsp;2966&nbsp;<br>Zameranie: Ekonomika a mana\u017ement zemsk\u00fdch zdrojov, Obehov\u00e9 hospod\u00e1rstvo (Circular Economy), Surovinov\u00e1 politika, Kritick\u00e9 nerastn\u00e9 suroviny<br>Konzulta\u010dn\u00e9 hodiny: pondelok 9:00 &#8211; 11:00, piatok 13:00 &#8211; 15:00<\/p>\n\n\n<div class=\"wp-block-image\">\n<figure class=\"alignleft size-full\"><img loading=\"lazy\" decoding=\"async\" width=\"150\" height=\"150\" src=\"https:\/\/omzz.fberg.tuke.sk\/wp-content\/uploads\/2023\/03\/Bednarova-Lucka150.jpg\" alt=\"\" class=\"wp-image-327\"\/><\/figure><\/div>\n\n\n<p><strong>prof. Ing. Lucia Bedn\u00e1rov\u00e1, PhD.<\/strong> &#8211; profesorka<br>E-mail: lucia.bednarova@tuke.sk <br>Tel.: +421&nbsp;55&nbsp;602&nbsp;2945&nbsp;<br>Zameranie: Mana\u017e\u00e9rske discipl\u00edny&nbsp; so zameran\u00edm na environment\u00e1lny mana\u017ement, Interperson\u00e1lny mana\u017ement a projektov\u00e9 riadenie<br>Konzulta\u010dn\u00e9 hodiny: pondelok 9:20 &#8211; 10:00, streda 12:30 &#8211; 13:20<\/p>\n\n\n\n<div style=\"height:20px\" aria-hidden=\"true\" class=\"wp-block-spacer\"><\/div>\n\n\n<div class=\"wp-block-image is-resized\">\n<figure class=\"alignleft size-full\"><img loading=\"lazy\" decoding=\"async\" width=\"150\" height=\"150\" src=\"https:\/\/omzz.fberg.tuke.sk\/wp-content\/uploads\/2023\/03\/Culkova150.jpg\" alt=\"\" class=\"wp-image-331\"\/><\/figure><\/div>\n\n\n<p><strong>prof. Ing. Katar\u00edna \u010culkov\u00e1, PhD.<\/strong> &#8211; profesorka<br>E-mail: katarina.culkova@tuke.sk<br>Tel.: +421&nbsp;55&nbsp;602&nbsp;3116&nbsp;&nbsp;<br>Zameranie: Financovanie a finan\u010dn\u00e9 riadenie v\u00fdrobn\u00fdch podnikov, Priemyseln\u00fd marketing, Ekonomick\u00e1 efekt\u00edvnos\u0165 energetick\u00fdch projektov, Surovinov\u00e1 politika<br>Konzulta\u010dn\u00e9 hodiny: utorok 9:00 &#8211; 10:00<\/p>\n\n\n\n<div style=\"height:20px\" aria-hidden=\"true\" class=\"wp-block-spacer\"><\/div>\n\n\n<div class=\"wp-block-image\">\n<figure class=\"alignleft size-full\"><img loading=\"lazy\" decoding=\"async\" width=\"150\" height=\"150\" src=\"https:\/\/omzz.fberg.tuke.sk\/wp-content\/uploads\/2023\/03\/Gavurova150.jpg\" alt=\"\" class=\"wp-image-333\"\/><\/figure><\/div>\n\n\n<p><strong>prof. Ing. Be\u00e1ta Gavurov\u00e1, PhD., MBA <\/strong>&#8211; profesorka<br>E-mail: beata.gavurova@tuke.sk<br>Tel.: +421&nbsp;55&nbsp;602&nbsp;2959&nbsp;&nbsp;<br>Zameranie: Environment\u00e1lna politika, Environment\u00e1lne zdravie, Kvantifik\u00e1cia environment\u00e1lnych riz\u00edk, Modely obehovej ekonomiky, Modely rozvoja cestovn\u00e9ho ruchu, Strategick\u00e9 region\u00e1lne anal\u00fdzy, Sektorov\u00e9 anal\u00fdzy<br>Konzulta\u010dn\u00e9 hodiny: pondelok 8:30 &#8211; 10:30<\/p>\n\n\n\n<div style=\"height:20px\" aria-hidden=\"true\" class=\"wp-block-spacer\"><\/div>\n\n\n<div class=\"wp-block-image\">\n<figure class=\"alignleft size-full\"><img loading=\"lazy\" decoding=\"async\" width=\"150\" height=\"150\" src=\"https:\/\/omzz.fberg.tuke.sk\/wp-content\/uploads\/2023\/03\/Domaracka150.jpg\" alt=\"\" class=\"wp-image-332\"\/><\/figure><\/div>\n\n\n<p><strong>doc. Ing. Lucia Domarack\u00e1, PhD. <\/strong>&#8211; docentka<br>E-mail: lucia.domaracka@tuke.sk <br>Tel.: +421&nbsp;55&nbsp;602&nbsp;2984&nbsp;<br>Zameranie: Ekonomika nerastn\u00fdch surov\u00edn, Oce\u0148ovanie zemsk\u00fdch zdrojov, Nerastn\u00e9 suroviny a geoturizmus, Ekopodnikanie, Zelen\u00e1 ekonomika<br>Konzulta\u010dn\u00e9 hodiny: utorok 9:00 &#8211; 10:00, \u0161tvrtok 9:00 &#8211; 10:00<\/p>\n\n\n\n<div style=\"height:4px\" aria-hidden=\"true\" class=\"wp-block-spacer\"><\/div>\n\n\n\n<div style=\"height:20px\" aria-hidden=\"true\" class=\"wp-block-spacer\"><\/div>\n\n\n<div class=\"wp-block-image\">\n<figure class=\"alignleft size-full\"><img loading=\"lazy\" decoding=\"async\" width=\"150\" height=\"150\" src=\"https:\/\/omzz.fberg.tuke.sk\/wp-content\/uploads\/2023\/03\/Pavolova150.jpg\" alt=\"\" class=\"wp-image-335\"\/><\/figure><\/div>\n\n\n<p><strong>doc. Ing. Henrieta Pavolov\u00e1, PhD. <\/strong>&#8211; docent<br>E-mail: henrieta.pavolova@tuke.sk <br>Tel.: +421&nbsp;55&nbsp;602&nbsp;2966&nbsp;<br>Zameranie: Vodn\u00e9 hospod\u00e1rstvo a vyu\u017e\u00edvanie vodn\u00fdch zdrojov na minimaliz\u00e1ciu dopadov klimatick\u00fdch zmien, Ekologiz\u00e1cia v\u00fdrobn\u00fdch procesov, Posudzovanie vplyvov na \u017eivotn\u00e9 prostredie, Dekontamin\u00e1cia v\u00f4d<br>Konzulta\u010dn\u00e9 hodiny: pondelok 9:30 &#8211; 10:30, \u0161tvrtok 8:30 &#8211; 9:30<\/p>\n\n\n\n<div style=\"height:20px\" aria-hidden=\"true\" class=\"wp-block-spacer\"><\/div>\n\n\n<div class=\"wp-block-image\">\n<figure class=\"alignleft size-full\"><img loading=\"lazy\" decoding=\"async\" width=\"150\" height=\"150\" src=\"https:\/\/omzz.fberg.tuke.sk\/wp-content\/uploads\/2023\/03\/Tausova150.jpg\" alt=\"\" class=\"wp-image-339\"\/><\/figure><\/div>\n\n\n<p><strong>doc. Ing. Marcela Tau\u0161ov\u00e1, PhD.<\/strong> &#8211; docentka<br>E-mail: marcela.tausova@tuke.sk<br>Tel.: +421&nbsp;55&nbsp;602&nbsp;3115&nbsp;&nbsp;<br>Zameranie: Posudzovanie vyu\u017e\u00edvania zemsk\u00fdch zdrojov z h\u013eadiska ekonomiky, energetiky, environment\u00e1lnych a soci\u00e1lnych dopadov, Hodnotenie podnikate\u013esk\u00e9ho prostredia na Slovensku so zameran\u00edm na ekopodnikanie<br>Konzulta\u010dn\u00e9 hodiny: \u0161tvrtok 9:00 &#8211; 10:00<\/p>\n\n\n\n<div style=\"height:20px\" aria-hidden=\"true\" class=\"wp-block-spacer\"><\/div>\n\n\n<div class=\"wp-block-image\">\n<figure class=\"alignleft size-full\"><img loading=\"lazy\" decoding=\"async\" width=\"150\" height=\"150\" src=\"https:\/\/omzz.fberg.tuke.sk\/wp-content\/uploads\/2023\/03\/Teplicka.jpg\" alt=\"\" class=\"wp-image-338\"\/><\/figure><\/div>\n\n\n<p><strong>doc. Ing. Katar\u00edna Teplick\u00e1, PhD., Ing.-Paed.IGIP <\/strong>&#8211; docentka<br>E-mail: katarina.teplicka@tuke.sk <br>Tel.: +421 55 602 2997<br>Zameranie: Optimaliz\u00e1cia podnikov\u00fdch procesov, Mana\u017e\u00e9rske n\u00e1stroje riadenia, Synergia mana\u017ementov v podnikovom riaden\u00ed, N\u00e1kladov\u00fd controlling a optimaliz\u00e1cia n\u00e1kladov<br>Konzulta\u010dn\u00e9 hodiny: streda 10:00 &#8211; 12:00, in\u00e9: osobne po dohovore<\/p>\n\n\n<div class=\"wp-block-image\">\n<figure class=\"alignleft size-full\"><img loading=\"lazy\" decoding=\"async\" width=\"150\" height=\"150\" src=\"https:\/\/omzz.fberg.tuke.sk\/wp-content\/uploads\/2023\/03\/ivankova150.jpg\" alt=\"\" class=\"wp-image-334\"\/><\/figure><\/div>\n\n\n<p><strong>Mgr. Viera Ivankov\u00e1, PhD., MBA <\/strong>&#8211; v\u00fdskumn\u00fd pracovn\u00edk (t.\u010d. matersk\u00e1 dovolenka)<br>E-mail: viera.ivankova@tuke.sk <br>Tel.: +421 55 602 2982<br>Zameranie: Ekonomika podniku a mana\u017e\u00e9rske n\u00e1stroje riadenia podnikov<br>Konzulta\u010dn\u00e9 hodiny: matersk\u00e1 dovolenka<\/p>\n","protected":false},"excerpt":{"rendered":"<p>doc. Ing. Andrea Se\u0148ov\u00e1, PhD. &#8211; ved\u00faca Oddelenia mana\u017e\u00e9rstva zemsk\u00fdch zdrojovE-mail: andrea.senova@tuke.skTel.: +421&nbsp;55&nbsp;602&nbsp;2985&nbsp;&nbsp;Zameranie: Zelen\u00e1 ekonomika, Rizikov\u00fd mana\u017ement, Odvetvov\u00e1 ekonomika, Environment\u00e1lna a energetick\u00e1 politikaKonzulta\u010dn\u00e9 hodiny: utorok 12:00 &#8211; 13:00, streda 13:00 &#8211; 14:00 Dr.h.c. prof. Ing. Michal Cehl\u00e1r, PhD.&nbsp;&#8211; dekan FBERGE-mail:&hellip; <\/p>\n","protected":false},"author":1,"featured_media":0,"parent":0,"menu_order":0,"comment_status":"closed","ping_status":"closed","template":"","meta":{"footnotes":""},"class_list":["post-52","page","type-page","status-publish","hentry"],"_links":{"self":[{"href":"https:\/\/omzz.fberg.tuke.sk\/index.php?rest_route=\/wp\/v2\/pages\/52","targetHints":{"allow":["GET"]}}],"collection":[{"href":"https:\/\/omzz.fberg.tuke.sk\/index.php?rest_route=\/wp\/v2\/pages"}],"about":[{"href":"https:\/\/omzz.fberg.tuke.sk\/index.php?rest_route=\/wp\/v2\/types\/page"}],"author":[{"embeddable":true,"href":"https:\/\/omzz.fberg.tuke.sk\/index.php?rest_route=\/wp\/v2\/users\/1"}],"replies":[{"embeddable":true,"href":"https:\/\/omzz.fberg.tuke.sk\/index.php?rest_route=%2Fwp%2Fv2%2Fcomments&post=52"}],"version-history":[{"count":80,"href":"https:\/\/omzz.fberg.tuke.sk\/index.php?rest_route=\/wp\/v2\/pages\/52\/revisions"}],"predecessor-version":[{"id":452,"href":"https:\/\/omzz.fberg.tuke.sk\/index.php?rest_route=\/wp\/v2\/pages\/52\/revisions\/452"}],"wp:attachment":[{"href":"https:\/\/omzz.fberg.tuke.sk\/index.php?rest_route=%2Fwp%2Fv2%2Fmedia&parent=52"}],"curies":[{"name":"wp","href":"https:\/\/api.w.org\/{rel}","templated":true}]}}