{"id":51,"date":"2019-12-20T08:38:54","date_gmt":"2019-12-20T07:38:54","guid":{"rendered":"https:\/\/omzz.cp2.tuke.sk\/?page_id=49"},"modified":"2020-01-08T15:59:10","modified_gmt":"2020-01-08T14:59:10","slug":"pracovnici","status":"publish","type":"page","link":"https:\/\/omzz.fberg.tuke.sk\/?page_id=51","title":{"rendered":"Pracovn\u00edci"},"content":{"rendered":"\n<p>Na\u0161i kolegovia zabezpe\u010duj\u00fa v\u00fdu\u010dbu jednotliv\u00fdch predmetov, ktor\u00e9  garantuje na\u0161e pracovisko a taktie\u017e akt\u00edvne komunikuj\u00fa so \u0161tudentmi v  r\u00e1mci konzult\u00e1ci\u00ed k dan\u00fdm predmetom ako aj pri veden\u00ed z\u00e1vere\u010dn\u00fdch pr\u00e1c <\/p>\n\n\n\n<p class=\"has-text-align-center has-large-font-size\"><a href=\"https:\/\/omzz.fberg.tuke.sk\/?page_id=52\">Zamestnanci<\/a>       <a href=\"https:\/\/omzz.fberg.tuke.sk\/?page_id=53\">Doktorandi<\/a><\/p>\n","protected":false},"excerpt":{"rendered":"<p>Na\u0161i kolegovia zabezpe\u010duj\u00fa v\u00fdu\u010dbu jednotliv\u00fdch predmetov, ktor\u00e9 garantuje na\u0161e pracovisko a taktie\u017e akt\u00edvne komunikuj\u00fa so \u0161tudentmi v r\u00e1mci konzult\u00e1ci\u00ed k dan\u00fdm predmetom ako aj pri veden\u00ed z\u00e1vere\u010dn\u00fdch pr\u00e1c Zamestnanci Doktorandi<\/p>\n","protected":false},"author":1,"featured_media":0,"parent":0,"menu_order":0,"comment_status":"closed","ping_status":"closed","template":"","meta":{"footnotes":""},"class_list":["post-51","page","type-page","status-publish","hentry"],"_links":{"self":[{"href":"https:\/\/omzz.fberg.tuke.sk\/index.php?rest_route=\/wp\/v2\/pages\/51","targetHints":{"allow":["GET"]}}],"collection":[{"href":"https:\/\/omzz.fberg.tuke.sk\/index.php?rest_route=\/wp\/v2\/pages"}],"about":[{"href":"https:\/\/omzz.fberg.tuke.sk\/index.php?rest_route=\/wp\/v2\/types\/page"}],"author":[{"embeddable":true,"href":"https:\/\/omzz.fberg.tuke.sk\/index.php?rest_route=\/wp\/v2\/users\/1"}],"replies":[{"embeddable":true,"href":"https:\/\/omzz.fberg.tuke.sk\/index.php?rest_route=%2Fwp%2Fv2%2Fcomments&post=51"}],"version-history":[{"count":1,"href":"https:\/\/omzz.fberg.tuke.sk\/index.php?rest_route=\/wp\/v2\/pages\/51\/revisions"}],"predecessor-version":[{"id":204,"href":"https:\/\/omzz.fberg.tuke.sk\/index.php?rest_route=\/wp\/v2\/pages\/51\/revisions\/204"}],"wp:attachment":[{"href":"https:\/\/omzz.fberg.tuke.sk\/index.php?rest_route=%2Fwp%2Fv2%2Fmedia&parent=51"}],"curies":[{"name":"wp","href":"https:\/\/api.w.org\/{rel}","templated":true}]}}