{"id":50,"date":"2019-12-20T08:38:43","date_gmt":"2019-12-20T07:38:43","guid":{"rendered":"https:\/\/omzz.cp2.tuke.sk\/?page_id=47"},"modified":"2020-01-08T16:06:53","modified_gmt":"2020-01-08T15:06:53","slug":"studenti-ing","status":"publish","type":"page","link":"https:\/\/omzz.fberg.tuke.sk\/?page_id=50","title":{"rendered":"\u0160tudenti Ing."},"content":{"rendered":"\n<p><a href=\"https:\/\/omzz.fberg.tuke.sk\/?page_id=91\"> N\u00e1stroje kvantitat\u00edvnej anal\u00fdzy (cvi\u010denie) &#8211; Ing. Tau\u0161ov\u00e1, PhD.<\/a><\/p>\n","protected":false},"excerpt":{"rendered":"<p>N\u00e1stroje kvantitat\u00edvnej anal\u00fdzy (cvi\u010denie) &#8211; Ing. Tau\u0161ov\u00e1, PhD.<\/p>\n","protected":false},"author":1,"featured_media":0,"parent":0,"menu_order":0,"comment_status":"closed","ping_status":"closed","template":"","meta":{"footnotes":""},"class_list":["post-50","page","type-page","status-publish","hentry"],"_links":{"self":[{"href":"https:\/\/omzz.fberg.tuke.sk\/index.php?rest_route=\/wp\/v2\/pages\/50","targetHints":{"allow":["GET"]}}],"collection":[{"href":"https:\/\/omzz.fberg.tuke.sk\/index.php?rest_route=\/wp\/v2\/pages"}],"about":[{"href":"https:\/\/omzz.fberg.tuke.sk\/index.php?rest_route=\/wp\/v2\/types\/page"}],"author":[{"embeddable":true,"href":"https:\/\/omzz.fberg.tuke.sk\/index.php?rest_route=\/wp\/v2\/users\/1"}],"replies":[{"embeddable":true,"href":"https:\/\/omzz.fberg.tuke.sk\/index.php?rest_route=%2Fwp%2Fv2%2Fcomments&post=50"}],"version-history":[{"count":2,"href":"https:\/\/omzz.fberg.tuke.sk\/index.php?rest_route=\/wp\/v2\/pages\/50\/revisions"}],"predecessor-version":[{"id":215,"href":"https:\/\/omzz.fberg.tuke.sk\/index.php?rest_route=\/wp\/v2\/pages\/50\/revisions\/215"}],"wp:attachment":[{"href":"https:\/\/omzz.fberg.tuke.sk\/index.php?rest_route=%2Fwp%2Fv2%2Fmedia&parent=50"}],"curies":[{"name":"wp","href":"https:\/\/api.w.org\/{rel}","templated":true}]}}