{"id":43,"date":"2019-12-20T08:38:15","date_gmt":"2019-12-20T07:38:15","guid":{"rendered":"https:\/\/omzz.cp2.tuke.sk\/?page_id=43"},"modified":"2019-12-20T08:38:15","modified_gmt":"2019-12-20T07:38:15","slug":"oznamy-pre-studentov","status":"publish","type":"page","link":"https:\/\/omzz.fberg.tuke.sk\/?page_id=43","title":{"rendered":"OZNAMY pre \u0161tudentov"},"content":{"rendered":"\n<p>D\u00e1vame v\u00e1m do pozornosti,  \u017ee d\u0148a <strong>18.11.<\/strong>2019 od <strong>9.15-10.45<\/strong> hod. sa uskuto\u010dn\u00ed predn\u00e1\u0161ka: <strong>Portr\u00e9t mana\u017e\u00e9ra dne\u0161ka.<\/strong> Predn\u00e1\u0161ka bude v <em><strong>Kongresovom centre T1, T2 v UVP Technicom<\/strong><\/em> (vpravo od Ban\u00edckeho pavil\u00f3nu). <em>\u00da\u010das\u0165 je v\u00edtan\u00e1 a vstup je vo\u013en\u00fd<\/em>. Vid\u00edme sa \ud83d\ude09 <\/p>\n\n\n\n<p> <\/p>\n","protected":false},"excerpt":{"rendered":"<p>D\u00e1vame v\u00e1m do pozornosti, \u017ee d\u0148a 18.11.2019 od 9.15-10.45 hod. sa uskuto\u010dn\u00ed predn\u00e1\u0161ka: Portr\u00e9t mana\u017e\u00e9ra dne\u0161ka. Predn\u00e1\u0161ka bude v Kongresovom centre T1, T2 v UVP Technicom (vpravo od Ban\u00edckeho pavil\u00f3nu). \u00da\u010das\u0165 je v\u00edtan\u00e1 a vstup je vo\u013en\u00fd. Vid\u00edme sa \ud83d\ude09<\/p>\n","protected":false},"author":1,"featured_media":0,"parent":0,"menu_order":0,"comment_status":"closed","ping_status":"closed","template":"","meta":{"footnotes":""},"class_list":["post-43","page","type-page","status-publish","hentry"],"_links":{"self":[{"href":"https:\/\/omzz.fberg.tuke.sk\/index.php?rest_route=\/wp\/v2\/pages\/43","targetHints":{"allow":["GET"]}}],"collection":[{"href":"https:\/\/omzz.fberg.tuke.sk\/index.php?rest_route=\/wp\/v2\/pages"}],"about":[{"href":"https:\/\/omzz.fberg.tuke.sk\/index.php?rest_route=\/wp\/v2\/types\/page"}],"author":[{"embeddable":true,"href":"https:\/\/omzz.fberg.tuke.sk\/index.php?rest_route=\/wp\/v2\/users\/1"}],"replies":[{"embeddable":true,"href":"https:\/\/omzz.fberg.tuke.sk\/index.php?rest_route=%2Fwp%2Fv2%2Fcomments&post=43"}],"version-history":[{"count":0,"href":"https:\/\/omzz.fberg.tuke.sk\/index.php?rest_route=\/wp\/v2\/pages\/43\/revisions"}],"wp:attachment":[{"href":"https:\/\/omzz.fberg.tuke.sk\/index.php?rest_route=%2Fwp%2Fv2%2Fmedia&parent=43"}],"curies":[{"name":"wp","href":"https:\/\/api.w.org\/{rel}","templated":true}]}}