{"id":39,"date":"2019-12-20T08:37:33","date_gmt":"2019-12-20T07:37:33","guid":{"rendered":"https:\/\/omzz.cp2.tuke.sk\/?page_id=39"},"modified":"2020-01-08T15:16:11","modified_gmt":"2020-01-08T14:16:11","slug":"pre-uchadzacov","status":"publish","type":"page","link":"https:\/\/omzz.fberg.tuke.sk\/?page_id=39","title":{"rendered":"Pre uch\u00e1dza\u010dov"},"content":{"rendered":"\n<p class=\"has-text-align-center\">Oddelenie mana\u017e\u00e9rstva zemsk\u00fdch zdroj pon\u00faka uch\u00e1dza\u010dom mo\u017enosti vzdel\u00e1vania v \u0161tudijnom programe:<br><strong>&#8222;Mana\u017e\u00e9rstvo zemsk\u00fdch zdrojov&#8220;<\/strong><\/p>\n\n\n\n<p class=\"has-text-align-left\">a to vo v\u0161etk\u00fdch troch stup\u0148och vzdel\u00e1vania, <strong>podan\u00edm prihl\u00e1\u0161ky do konca marca (vi\u010f ni\u017e\u0161ie)<\/strong>:<br>Prv\u00fd stupe\u0148 (bakal\u00e1rsky) denn\u00e9ho a extern\u00e9ho \u0161t\u00fadia &#8211; titul Bc.<br><a rel=\"noreferrer noopener\" aria-label=\"Profil a uplatnenie absolventa (otvor\u00ed sa v novej karte)\" href=\"http:\/\/uzz.fberg.tuke.sk\/?page_id=88\" target=\"_blank\">Profil a uplatnenie absolventa<\/a><br><a rel=\"noreferrer noopener\" aria-label=\" (otvor\u00ed sa v novej karte)\" href=\"https:\/\/omzz.fberg.tuke.sk\/wp-content\/uploads\/2020\/01\/Bakalarsky-stupen.pdf\" target=\"_blank\">Mana\u017e\u00e9rstvo zemsk\u00fdch zdrojov<\/a><br><br>Druh\u00fd stupe\u0148 (in\u017einiersky) denn\u00e9ho a extern\u00e9ho \u0161t\u00fadia &#8211; titul Ing.<br><a rel=\"noreferrer noopener\" aria-label=\"Profil a uplatnenie absolventa (otvor\u00ed sa v novej karte)\" href=\"http:\/\/uzz.fberg.tuke.sk\/?page_id=90\" target=\"_blank\">Profil a uplatnenie absolventa<\/a><br><a rel=\"noreferrer noopener\" aria-label=\"Mana\u017e\u00e9rstvo zemsk\u00fdch zdrojov (otvor\u00ed sa v novej karte)\" href=\"https:\/\/omzz.fberg.tuke.sk\/wp-content\/uploads\/2020\/01\/Inziniersky-stupen.pdf\" target=\"_blank\">Mana\u017e\u00e9rstvo zemsk\u00fdch zdrojov<\/a><br><br>Tret\u00ed stupe\u0148 (doktorandsk\u00fd) denn\u00e9ho a extern\u00e9ho \u0161t\u00fadia &#8211; titul PhD.<br><a href=\"http:\/\/uzz.fberg.tuke.sk\/?page_id=92\">Profil a uplatnenie absolventa<\/a><br><a href=\"https:\/\/omzz.fberg.tuke.sk\/wp-content\/uploads\/2020\/01\/Doktorandsky-stupen.pdf\" target=\"_blank\" rel=\"noreferrer noopener\" aria-label=\" (otvor\u00ed sa v novej karte)\">Ekonomika zemsk\u00fdch zdrojov<\/a><br><br>Ak V\u00e1s n\u00e1\u0161 \u0161tudijn\u00fd program <strong>&#8222;Mana\u017e\u00e9rstvo zemsk\u00fdch zdrojov&#8220; <\/strong>zaujal tak si kliknite na:<br><br><a rel=\"noreferrer noopener\" aria-label=\"N\u00e1vod ako poda\u0165 elektronick\u00fa prihl\u00e1\u0161ku (otvor\u00ed sa v novej karte)\" href=\"https:\/\/mais.tuke.sk\/dokumenty\/eprihlaska_276312\/Ako_podat_EP.pdf\" target=\"_blank\">N\u00e1vod ako poda\u0165 elektronick\u00fa prihl\u00e1\u0161ku<\/a>, ktor\u00fd V\u00e1m pom\u00f4\u017ee s <a rel=\"noreferrer noopener\" aria-label=\"elektronickou prihl\u00e1\u0161kou (otvor\u00ed sa v novej karte)\" href=\"https:\/\/eprihlaska.tuke.sk\/eprihlaska\/pages\/odosielatel\/rozhranie_odosielatela.mais\" target=\"_blank\">elektronickou prihl\u00e1\u0161kou<\/a>.<br><br>!!! Prihl\u00e1\u0161ku nezabudnite posla\u0165 do konca marca!!!<br><br>Pre konkr\u00e9tne podmienky prijatia pre jednotliv\u00e9 stupne klikni ni\u017e\u0161ie:<br><a rel=\"noreferrer noopener\" aria-label=\"Podmienky prijatia na bakal\u00e1rske \u0161t\u00fadium (otvor\u00ed sa v novej karte)\" href=\"https:\/\/fberg.tuke.sk\/wp-content\/uploads\/2016\/10\/Podmienky-prijatia-na-%C5%A1t%C3%BAdium-bakal%C3%A1rskych-%C5%A1tudijn%C3%BDch-programov-v-akademickom-roku-2020-2021-finalmarec.pdf\" target=\"_blank\">Podmienky prijatia na bakal\u00e1rske \u0161t\u00fadium<\/a><br><a rel=\"noreferrer noopener\" aria-label=\"Podmienky prijatia na in\u017einierske \u0161t\u00fadium (otvor\u00ed sa v novej karte)\" href=\"https:\/\/fberg.tuke.sk\/wp-content\/uploads\/2016\/10\/Podmienky-prijatia-na-%C5%A1t%C3%BAdium-in%C5%BEinierskych-%C5%A1tudijn%C3%BDch-programov-v-akademickom-roku-20192020-2.pdf\" target=\"_blank\">Podmienky prijatia na in\u017einierske \u0161t\u00fadium<\/a> <br><a rel=\"noreferrer noopener\" aria-label=\"Podmienky prijatia na doktorandsk\u00e9 \u0161t\u00fadium (otvor\u00ed sa v novej karte)\" href=\"https:\/\/fberg.tuke.sk\/wp-content\/uploads\/2016\/10\/Podmienky-prijatia-na-%C5%A1t%C3%BAdium-doktorandsk%C3%BDch-%C5%A1tudijn%C3%BDch-programov-v-akademickom-roku-20192020-1.pdf\" target=\"_blank\">Podmienky prijatia na doktorandsk\u00e9 \u0161t\u00fadium<\/a> <br><br>E\u0161te viac inform\u00e1ci\u00ed k prihl\u00e1\u0161ke a podmienkam prijatia n\u00e1jdete <a rel=\"noreferrer noopener\" aria-label=\"TU (otvor\u00ed sa v novej karte)\" href=\"https:\/\/fberg.tuke.sk\/sk\/prijimacky\/\" target=\"_blank\">TU<\/a><br>Pri vybavovan\u00ed administrat\u00edvnych \u00fakonov V\u00e1m m\u00f4\u017ee pom\u00f4c\u0165 <a href=\"https:\/\/omzz.fberg.tuke.sk\/wp-content\/uploads\/2020\/01\/areal-tuke-map.jpg\" target=\"_blank\" rel=\"noreferrer noopener\" aria-label=\" (otvor\u00ed sa v novej karte)\">orienta\u010dn\u00e1 mapka are\u00e1lu TUKE<\/a><\/p>\n","protected":false},"excerpt":{"rendered":"<p>Oddelenie mana\u017e\u00e9rstva zemsk\u00fdch zdroj pon\u00faka uch\u00e1dza\u010dom mo\u017enosti vzdel\u00e1vania v \u0161tudijnom programe:&#8222;Mana\u017e\u00e9rstvo zemsk\u00fdch zdrojov&#8220; a to vo v\u0161etk\u00fdch troch stup\u0148och vzdel\u00e1vania, podan\u00edm prihl\u00e1\u0161ky do konca marca (vi\u010f ni\u017e\u0161ie):Prv\u00fd stupe\u0148 (bakal\u00e1rsky) denn\u00e9ho a extern\u00e9ho \u0161t\u00fadia &#8211; titul Bc.Profil a uplatnenie absolventaMana\u017e\u00e9rstvo zemsk\u00fdch&hellip; <\/p>\n","protected":false},"author":1,"featured_media":0,"parent":0,"menu_order":0,"comment_status":"closed","ping_status":"closed","template":"","meta":{"footnotes":""},"class_list":["post-39","page","type-page","status-publish","hentry"],"_links":{"self":[{"href":"https:\/\/omzz.fberg.tuke.sk\/index.php?rest_route=\/wp\/v2\/pages\/39","targetHints":{"allow":["GET"]}}],"collection":[{"href":"https:\/\/omzz.fberg.tuke.sk\/index.php?rest_route=\/wp\/v2\/pages"}],"about":[{"href":"https:\/\/omzz.fberg.tuke.sk\/index.php?rest_route=\/wp\/v2\/types\/page"}],"author":[{"embeddable":true,"href":"https:\/\/omzz.fberg.tuke.sk\/index.php?rest_route=\/wp\/v2\/users\/1"}],"replies":[{"embeddable":true,"href":"https:\/\/omzz.fberg.tuke.sk\/index.php?rest_route=%2Fwp%2Fv2%2Fcomments&post=39"}],"version-history":[{"count":2,"href":"https:\/\/omzz.fberg.tuke.sk\/index.php?rest_route=\/wp\/v2\/pages\/39\/revisions"}],"predecessor-version":[{"id":199,"href":"https:\/\/omzz.fberg.tuke.sk\/index.php?rest_route=\/wp\/v2\/pages\/39\/revisions\/199"}],"wp:attachment":[{"href":"https:\/\/omzz.fberg.tuke.sk\/index.php?rest_route=%2Fwp%2Fv2%2Fmedia&parent=39"}],"curies":[{"name":"wp","href":"https:\/\/api.w.org\/{rel}","templated":true}]}}