{"id":37,"date":"2019-12-20T08:36:42","date_gmt":"2019-12-20T07:36:42","guid":{"rendered":"https:\/\/omzz.cp2.tuke.sk\/?page_id=37"},"modified":"2019-12-20T08:36:42","modified_gmt":"2019-12-20T07:36:42","slug":"o-nas","status":"publish","type":"page","link":"https:\/\/omzz.fberg.tuke.sk\/?page_id=37","title":{"rendered":"O n\u00e1s"},"content":{"rendered":"\n<p>Poslan\u00edm Oddelenia mana\u017e\u00e9rstva zemsk\u00fdch zdrojov je rozv\u00edja\u0165 vlastn\u00fd v\u00fdskum v oblasti ekonomick\u00fdch a mana\u017e\u00e9rskych vied.<\/p>\n\n\n\n<p>V s\u00falade s n\u00edm zabezpe\u010dova\u0165 pedagogick\u00fa \u010dinnos\u0165 v akreditovan\u00fdch \u0161tudijn\u00fdch programoch vo v\u0161etk\u00fdch troch stup\u0148och vzdel\u00e1vania.<\/p>\n\n\n\n<p>Orient\u00e1cia OMZZ je zameran\u00e1 na procesy z\u00edskavania a spracovania zemsk\u00fdch zdrojov v dvoch rovin\u00e1ch.<\/p>\n\n\n\n<p>Prvou je riadenie vlastn\u00e9ho procesu \nspracovania zemsk\u00fdch zdrojov na produkt tak\u00fdch \u00fa\u017eitkov\u00fdch \nvlastnost\u00ed,&nbsp;ktor\u00e9 predur\u010duj\u00fa uspokojovanie v\u00fdrobn\u00fdch alebo soci\u00e1lnych \npotrieb spolo\u010dnosti na po\u017eadovanej \u00farovni.<\/p>\n\n\n\n<p>D\u00f4raz je d\u00e1van\u00fd na syst\u00e9mov\u00fd poh\u013ead na skuto\u010dnosti vz\u0165ahuj\u00face sa na vyu\u017e\u00edvanie alternat\u00edvnych zdrojov energie.<\/p>\n\n\n\n<p>Druhou rovinou je riadenie organiz\u00e1ci\u00ed, ktor\u00e9 maj\u00fa charakter podnikate\u013esk\u00fdch subjektov.<\/p>\n","protected":false},"excerpt":{"rendered":"<p>Poslan\u00edm Oddelenia mana\u017e\u00e9rstva zemsk\u00fdch zdrojov je rozv\u00edja\u0165 vlastn\u00fd v\u00fdskum v oblasti ekonomick\u00fdch a mana\u017e\u00e9rskych vied. V s\u00falade s n\u00edm zabezpe\u010dova\u0165 pedagogick\u00fa \u010dinnos\u0165 v akreditovan\u00fdch \u0161tudijn\u00fdch programoch vo v\u0161etk\u00fdch troch stup\u0148och vzdel\u00e1vania. Orient\u00e1cia OMZZ je zameran\u00e1 na procesy z\u00edskavania a spracovania&hellip; <\/p>\n","protected":false},"author":1,"featured_media":0,"parent":0,"menu_order":0,"comment_status":"closed","ping_status":"closed","template":"","meta":{"footnotes":""},"class_list":["post-37","page","type-page","status-publish","hentry"],"_links":{"self":[{"href":"https:\/\/omzz.fberg.tuke.sk\/index.php?rest_route=\/wp\/v2\/pages\/37","targetHints":{"allow":["GET"]}}],"collection":[{"href":"https:\/\/omzz.fberg.tuke.sk\/index.php?rest_route=\/wp\/v2\/pages"}],"about":[{"href":"https:\/\/omzz.fberg.tuke.sk\/index.php?rest_route=\/wp\/v2\/types\/page"}],"author":[{"embeddable":true,"href":"https:\/\/omzz.fberg.tuke.sk\/index.php?rest_route=\/wp\/v2\/users\/1"}],"replies":[{"embeddable":true,"href":"https:\/\/omzz.fberg.tuke.sk\/index.php?rest_route=%2Fwp%2Fv2%2Fcomments&post=37"}],"version-history":[{"count":0,"href":"https:\/\/omzz.fberg.tuke.sk\/index.php?rest_route=\/wp\/v2\/pages\/37\/revisions"}],"wp:attachment":[{"href":"https:\/\/omzz.fberg.tuke.sk\/index.php?rest_route=%2Fwp%2Fv2%2Fmedia&parent=37"}],"curies":[{"name":"wp","href":"https:\/\/api.w.org\/{rel}","templated":true}]}}