{"id":147,"date":"2019-12-20T10:38:30","date_gmt":"2019-12-20T09:38:30","guid":{"rendered":"https:\/\/omzz.cp2.tuke.sk\/?page_id=147"},"modified":"2019-12-20T10:38:30","modified_gmt":"2019-12-20T09:38:30","slug":"profil-mgr-maria-shejbalova-muchova-phd","status":"publish","type":"page","link":"https:\/\/omzz.fberg.tuke.sk\/?page_id=147","title":{"rendered":"Profil \u2013 Mgr. M\u00e1ria Shejbalov\u00e1 Muchov\u00e1, PhD."},"content":{"rendered":"\n<p>P\u00f4sob\u00ed ako odborn\u00fd asistent na \u00dastave podnikania a mana\u017ementu Fakulty BERG. V r\u00e1mci pedagogickej \u010dinnosti vyu\u010duje predmet: Ekonomika podniku. Vo svojej vedecko-v\u00fdskumnej \u010dinnosti: sa venuje problematike \u201eoce\u0148ovania a ekonomiky surov\u00edn\u201c. Ja autorom a spoluautorom vedeck\u00fdch \u010dl\u00e1nkov v dom\u00e1cich a zahrani\u010dn\u00fdch \u010dasopisoch a zborn\u00edkoch.        <\/p>\n","protected":false},"excerpt":{"rendered":"<p>P\u00f4sob\u00ed ako odborn\u00fd asistent na \u00dastave podnikania a mana\u017ementu Fakulty BERG. V r\u00e1mci pedagogickej \u010dinnosti vyu\u010duje predmet: Ekonomika podniku. Vo svojej vedecko-v\u00fdskumnej \u010dinnosti: sa venuje problematike \u201eoce\u0148ovania a ekonomiky surov\u00edn\u201c. Ja autorom a spoluautorom vedeck\u00fdch \u010dl\u00e1nkov v dom\u00e1cich a zahrani\u010dn\u00fdch&hellip; <\/p>\n","protected":false},"author":1,"featured_media":0,"parent":0,"menu_order":0,"comment_status":"closed","ping_status":"closed","template":"","meta":{"footnotes":""},"class_list":["post-147","page","type-page","status-publish","hentry"],"_links":{"self":[{"href":"https:\/\/omzz.fberg.tuke.sk\/index.php?rest_route=\/wp\/v2\/pages\/147","targetHints":{"allow":["GET"]}}],"collection":[{"href":"https:\/\/omzz.fberg.tuke.sk\/index.php?rest_route=\/wp\/v2\/pages"}],"about":[{"href":"https:\/\/omzz.fberg.tuke.sk\/index.php?rest_route=\/wp\/v2\/types\/page"}],"author":[{"embeddable":true,"href":"https:\/\/omzz.fberg.tuke.sk\/index.php?rest_route=\/wp\/v2\/users\/1"}],"replies":[{"embeddable":true,"href":"https:\/\/omzz.fberg.tuke.sk\/index.php?rest_route=%2Fwp%2Fv2%2Fcomments&post=147"}],"version-history":[{"count":0,"href":"https:\/\/omzz.fberg.tuke.sk\/index.php?rest_route=\/wp\/v2\/pages\/147\/revisions"}],"wp:attachment":[{"href":"https:\/\/omzz.fberg.tuke.sk\/index.php?rest_route=%2Fwp%2Fv2%2Fmedia&parent=147"}],"curies":[{"name":"wp","href":"https:\/\/api.w.org\/{rel}","templated":true}]}}