{"id":138,"date":"2019-12-20T10:34:35","date_gmt":"2019-12-20T09:34:35","guid":{"rendered":"https:\/\/omzz.cp2.tuke.sk\/?page_id=138"},"modified":"2019-12-20T10:34:35","modified_gmt":"2019-12-20T09:34:35","slug":"profil-doc-ing-andrea-senova-phd","status":"publish","type":"page","link":"https:\/\/omzz.fberg.tuke.sk\/?page_id=138","title":{"rendered":"Profil \u2013 doc. Ing. Andrea Se\u0148ov\u00e1, PhD."},"content":{"rendered":"\n<p>P\u00f4sob\u00ed ako odborn\u00e1 asistentka v \u0161tudijnom programe Mana\u017e\u00e9rstvo zemsk\u00fdch  zdrojov. V r\u00e1mci pedagogickej \u010dinnosti vyu\u010duje predmety Makroekon\u00f3mia,  Ekonomika odvetv\u00ed, Mana\u017ement podnikate\u013esk\u00fdch riz\u00edk, Podnikate\u013esk\u00fd pl\u00e1n a  inov\u00e1cie. Garantuje predmet Semestr\u00e1lny projekt I., II., III., IV. Vo svojej vedecko \u2013 v\u00fdskumnej \u010dinnosti sa venuje problematike transferu  mana\u017e\u00e9rskych a technologick\u00fdch poznatkov do podnikate\u013eskej praxe,  riadenia obchodno \u2013 finan\u010dn\u00fdch vz\u0165ahov mal\u00fdch a stredn\u00fdch podnikov,  ekonomike priemyseln\u00fdch odvetv\u00ed a uplatnen\u00edm celopodnikov\u00e9mu mana\u017ementu  riz\u00edk v te\u00f3rii a praxi. Bola ved\u00facou projektu VEGA \u010d. 1\/4576\/07 s n\u00e1zvom &#8222;Anal\u00fdza a aplik\u00e1cia  mana\u017ementu riz\u00edk v podnikate\u013eskom prostred\u00ed slovensk\u00fdch v\u00fdrobn\u00fdch  podnikov&#8220; a z\u00e1rove\u0148 spolurie\u0161ite\u013ekou na viacer\u00fdch \u010fal\u0161\u00edch projektoch  VEGA. V s\u00fa\u010dasnosti spolupracuje na projekte VEGA \u010d. 1\/0270\/08 s n\u00e1zvom  &#8222;N\u00e1vrh modelu znalostn\u00e9ho mana\u017ementu v podniku a hodnotenia invest\u00edci\u00ed  do \u013eudsk\u00e9ho kapit\u00e1lu, ako predpokladu zv\u00fd\u0161enia konkurencieschopnosti  subjektu&#8220;. Je autorkou a spoluautorkou viacer\u00fdch vysoko\u0161kolsk\u00fdch skr\u00edpt, vedeck\u00fdch a  odborn\u00fdch \u010dl\u00e1nkov v dom\u00e1cich a zahrani\u010dn\u00fdch \u010dasopisoch a zborn\u00edkoch. V roku 2008 z\u00edskala medzin\u00e1rodn\u00fd certifik\u00e1t ECDL a v roku 2010 jej bol  udelen\u00fd medzin\u00e1rodn\u00fd titul ING-PAED IGIP.        <\/p>\n","protected":false},"excerpt":{"rendered":"<p>P\u00f4sob\u00ed ako odborn\u00e1 asistentka v \u0161tudijnom programe Mana\u017e\u00e9rstvo zemsk\u00fdch zdrojov. V r\u00e1mci pedagogickej \u010dinnosti vyu\u010duje predmety Makroekon\u00f3mia, Ekonomika odvetv\u00ed, Mana\u017ement podnikate\u013esk\u00fdch riz\u00edk, Podnikate\u013esk\u00fd pl\u00e1n a inov\u00e1cie. Garantuje predmet Semestr\u00e1lny projekt I., II., III., IV. Vo svojej vedecko \u2013 v\u00fdskumnej \u010dinnosti&hellip; <\/p>\n","protected":false},"author":1,"featured_media":0,"parent":0,"menu_order":0,"comment_status":"closed","ping_status":"closed","template":"","meta":{"footnotes":""},"class_list":["post-138","page","type-page","status-publish","hentry"],"_links":{"self":[{"href":"https:\/\/omzz.fberg.tuke.sk\/index.php?rest_route=\/wp\/v2\/pages\/138","targetHints":{"allow":["GET"]}}],"collection":[{"href":"https:\/\/omzz.fberg.tuke.sk\/index.php?rest_route=\/wp\/v2\/pages"}],"about":[{"href":"https:\/\/omzz.fberg.tuke.sk\/index.php?rest_route=\/wp\/v2\/types\/page"}],"author":[{"embeddable":true,"href":"https:\/\/omzz.fberg.tuke.sk\/index.php?rest_route=\/wp\/v2\/users\/1"}],"replies":[{"embeddable":true,"href":"https:\/\/omzz.fberg.tuke.sk\/index.php?rest_route=%2Fwp%2Fv2%2Fcomments&post=138"}],"version-history":[{"count":0,"href":"https:\/\/omzz.fberg.tuke.sk\/index.php?rest_route=\/wp\/v2\/pages\/138\/revisions"}],"wp:attachment":[{"href":"https:\/\/omzz.fberg.tuke.sk\/index.php?rest_route=%2Fwp%2Fv2%2Fmedia&parent=138"}],"curies":[{"name":"wp","href":"https:\/\/api.w.org\/{rel}","templated":true}]}}