{"id":128,"date":"2019-12-20T10:28:47","date_gmt":"2019-12-20T09:28:47","guid":{"rendered":"https:\/\/omzz.cp2.tuke.sk\/?page_id=128"},"modified":"2019-12-20T10:28:47","modified_gmt":"2019-12-20T09:28:47","slug":"profil-prof-ing-adriana-csikosova-csc","status":"publish","type":"page","link":"https:\/\/omzz.fberg.tuke.sk\/?page_id=128","title":{"rendered":"Profil \u2013 prof. Ing. Adriana Csik\u00f3sov\u00e1, CSc."},"content":{"rendered":"\n<p>P\u00f4sob\u00ed ako profesorka v\u00a0\u0161tudijnom odbore Z\u00edskavanie a\u00a0spracovanie zemsk\u00fdch zdrojov. V\u00a0r\u00e1mci pedagogickej \u010dinnosti <strong>vyu\u010duje<\/strong> predmety Marketing, Ekonomick\u00e9 te\u00f3rie, Medzin\u00e1rodn\u00e9 podnikanie. <strong>Vo svojej vedecko \u2013 v\u00fdskumnej\u010dinnosti<\/strong> sa venuje problematike prieskumu trhu, marketingu v\u00a0priemyseln\u00fdch odvetviach, udr\u017eate\u013en\u00e9mu region\u00e1lnemu rozvoju. <strong>V\u00a0s\u00fa\u010dasnosti je zodpovednou \u00a0rie\u0161ite\u013ekou projektu VEGA<\/strong> 1\/0176\/13 Udr\u017eate\u013en\u00fd rozvoj regi\u00f3nu v\u00a0kontexte vyu\u017eitia \u013eudsk\u00fdch, kapit\u00e1lov\u00fdch a\u00a0pr\u00edrodn\u00fdch zdrojov <strong>Bola zodpovednou rie\u0161ite\u013ekou \u00faspe\u0161ne ukon\u010den\u00fdch projektov VEGA <\/strong> 1\/ 9350\/02 \u201eModelov\u00e9 rie\u0161enie marketingov\u00e9ho riadenia \u0165a\u017eobnej  organiz\u00e1cie\u201c (r.2002 \u2013 2004) 1\/3349\/06\u201eMarketingov\u00fd model hodnotenia vplyvu \u0165a\u017eobn\u00e9ho priemyslu na  environment\u00e1lne parametre so socioekonomick\u00fdm aspektom v pr\u00edslu\u0161nom  legislat\u00edvnom prostred\u00ed\u201c (r.2006 \u2013 2009) 1\/0124\/10 Strategick\u00e9 riadenie regi\u00f3nu zoh\u013ead\u0148uj\u00face environment\u00e1lny  a\u00a0soci\u00e1lny aspekt trvalo udr\u017eate\u013en\u00e9ho rozvoja ( r.2010 \u2013 2011) <strong>Bola z\u00e1stupcom zodpovedn\u00e9ho rie\u0161ite\u013ea projektov VEGA<\/strong> 1\/0360\/03\u201eZhodnotenie \u00farovne aplikovanej formy de\u013eby a\u00a0kooper\u00e1cie pr\u00e1ce  v\u00a0\u0165a\u017eobnom priemysle Slovenska\u201c ( r.2003 \u2013 2005) 1\/6209\/99 \u201eTransform\u00e1cia ban\u00edckych firiem v\u00a0obdob\u00ed prechodu na\u00a0\u00a0\u00a0 trhov\u00e9  hospod\u00e1rstvo\u201c\u00a0 (\u00a0r. 2000-2001) 1\/0270\/08 \u2013 \u201eN\u00e1vrh modelu znalostn\u00e9ho mana\u017ementu v\u00a0podniku a \u00a0hodnotenia  invest\u00edci\u00ed do \u013eudsk\u00e9ho kapit\u00e1lu, ako predpokladu zv\u00fd\u0161enia  konkurencieschopnosti subjektu\u201c. Pracovala tie\u017e na projekte &#8222;Podpora inovat\u00edvnych foriem vzdel\u00e1vania a  rozvoj \u013eudsk\u00fdch zdrojov vo v\u00fdskume a v\u00fdvoji na TUKE&#8220; v r\u00e1mci v\u00fdzvy  OPV-2009\/1.2\/01-SORO P-1, 2009, bola \u010dlenkou rie\u0161ite\u013esk\u00e9ho kolekt\u00edvu za  \u00daPaM F BERG. Podie\u013eala sa na rie\u0161en\u00ed\u00a0 projektu KEGA \u010d. 242\/2000 v\u00a0priebehu rokov 2000  \u2013 2003\u00a0\u00a0\u00a0\u00a0\u00a0\u00a0\u00a0\u00a0\u00a0\u00a0\u00a0\u00a0\u00a0\u00a0\u00a0\u00a0\u00a0 \u201e Modelov\u00e9 rie\u0161enie zvy\u0161ovania kvality  a\u00a0efekt\u00edvnosti vzdel\u00e1vania vo v\u00e4zbe na trh pr\u00e1ce\u201c. <strong>Bola spolurie\u0161ite\u013eom medzin\u00e1rodn\u00fdch projektov<\/strong> Leonardo \u2013 FACE 1350 179 543, Educational Advisory and Consultation  Services and Development of Educational Standards for Vocational  Training\u00a0 (EDUCRATOS) SK\/98\/2\/05020\/PI\/II.1.1b\/FPC Leonardo da Vinci \u2013 Improving Vocational Education in TQM by Developing  in Company Work Based Learning Techniques (IMVOCED) UK\/00\/B\/F\/PP-129_092 On-Line intelligent Training System for Internet Marketing by SMEs  (TRIMAR) UK\/00\/B\/F\/PP-129_110 Facilitation of the Personal Development Through Continuing Education IDEP G \/ 236 \/ 0113901 Program rozvoja zamestnancov v\u00a0sektore  vzdel\u00e1vania, Phare\u00a0 DECHEM \u2013 Distance Education Course for Higher  Education Management ETF\/97\/VET\/0070 Geological Programme of UNESCO and IUGS (IGCP 443) Magnesite and Talc  geological and Environmental Coorelations (r.2000 \u2013 2004) <em>Je \u0161kolite\u013ekou na 3. stupni doktorandsk\u00e9ho \u0161t\u00fadia v\u00a0\u0161tudijnom programe Ekonomika zemsk\u00fdch zdrojov.<\/em><strong>V\u00a0s\u00fa\u010dasnosti je \u0161kolite\u013ekou nasledovn\u00fdch doktorandsk\u00fdch dizerta\u010dn\u00fdch pr\u00e1c: <\/strong><\/p>\n\n\n\n<figure class=\"wp-block-table\"><table class=\"\"><tbody><tr><td><strong>Meno \u0161tudenta <\/strong><\/td><td><strong>T\u00e9ma dizerta\u010dnej pr\u00e1ce<\/strong><\/td><\/tr><tr><td>PhDr.MOKR\u00cd\u0160OV\u00c1 Viera\n\n(ext. \u0161t\u00fadium)<\/td><td>Sk\u00famanie vplyvu environment\u00e1lnej dane na tvorbu a rozvoj podnikatelsk\u00e9ho prostredia<\/td><\/tr><tr><td>Ing. \u017dVANDOV\u00c1 Sl\u00e1vka\n\n(ext. \u0161t\u00fadium)<\/td><td>Vyu\u017eitie controllingu a&nbsp;jeho n\u00e1strojov pri riaden\u00ed podnikov\u00fdch procesov<\/td><\/tr><tr><td>Ing. \u017dELINSK\u00c1 Zuzana\n\n(ext.\u0161t\u00fadium)<\/td><td>Relationship marketing \u2013 cesta k&nbsp;budovaniu spokojnosti a&nbsp;lojality klienta v&nbsp;prostred\u00ed&nbsp; priemyseln\u00fdch organiz\u00e1cii<\/td><\/tr><\/tbody><\/table><\/figure>\n\n\n\n<p><strong>P\u00f4sobila na t\u00fdchto&nbsp; zahrani\u010dn\u00fdch&nbsp; vysok\u00fdch \u0161kol\u00e1ch:<\/strong>\n\nNa Katedre riadenia priemyseln\u00fdch podnikov Technickej univerzity \nv&nbsp;Budape\u0161ti v&nbsp;r\u00e1mci externej vedeckej a\u0161pirant\u00fary v&nbsp;priebehu rokov 1984 \u2013\n 1988\n\nUniversity of Teeside kde \u0161tudovala sp\u00f4sob vzdel\u00e1vania \u0161tudentov \nv&nbsp;predmete Marketing v&nbsp;roku 1998 .\n\nUniversity of Luton \u2013 akt\u00edvna \u00fa\u010das\u0165 na workshope eduka\u010dn\u00e9 \u0161tandardy \na&nbsp;marketing v&nbsp;r\u00e1mci projektu Leonardo da Vinci Project \nSK\/98\/2\/05020\/pI\/II.1.1.b v&nbsp;roku 1999 v&nbsp;roku 2000 Universidade Alberta \u2013\n akt\u00edvna \u00fa\u010das\u0165 na meetingu projektu TRIMAR On-Line Training System for \nInternet Marketing by SMEs v&nbsp;roku 2003 .\n\nUniversity of Luton \u2013 akt\u00edvna \u00fa\u010das\u0165 na meetingu projektu TRIMAR On-Line \nTraining System for Internet Marketing by SMEs v&nbsp;roku 2003.\n\nJe autorkou a&nbsp;spoluautorkou viacer\u00fdch vedeck\u00fdch monografi\u00ed, \nvysoko\u0161kolsk\u00fdch u\u010debn\u00edc, vysoko\u0161kolsk\u00fdch skr\u00edpt, vedeck\u00fdch \u010dl\u00e1nkov \nindexovan\u00fdch v&nbsp;datab\u00e1zach Scopus Journal List a Thomson Reuters Master \nJournal List.\n\nJe &nbsp;garantom \u0161tudijn\u00e9ho programu <em>Vyu\u017e\u00edvanie alternat\u00edvnych zdrojov energie<\/em>\n (2.st.), v&nbsp;rokoch 2008 \u2013 2015 bola \u010dlenkou Vedeckej rady FBERG, je \n\u010dlenkou odborovej komisie 8.5.1 Logistika a predsedn\u00ed\u010dkou odborovej \nkomisie 5.2.38 Z\u00edskavanie a&nbsp;spracovanie zemsk\u00fdch zdrojov.\n\nJe predsedn\u00ed\u010dkou, resp. \u010dlenkou nieko\u013ek\u00fdch komisi\u00ed pre \u0161t\u00e1tne z\u00e1vere\u010dn\u00e9 \nsk\u00fa\u0161ky na Fakulte BERG TU v&nbsp;Ko\u0161iciach, PHF EU Bratislava, Sjf&nbsp; TU \nv&nbsp;Ko\u0161iciach, BIVS Pre\u0161ov.    \t\t\t  \t\t\t\n\n<\/p>\n","protected":false},"excerpt":{"rendered":"<p>P\u00f4sob\u00ed ako profesorka v\u00a0\u0161tudijnom odbore Z\u00edskavanie a\u00a0spracovanie zemsk\u00fdch zdrojov. V\u00a0r\u00e1mci pedagogickej \u010dinnosti vyu\u010duje predmety Marketing, Ekonomick\u00e9 te\u00f3rie, Medzin\u00e1rodn\u00e9 podnikanie. Vo svojej vedecko \u2013 v\u00fdskumnej\u010dinnosti sa venuje problematike prieskumu trhu, marketingu v\u00a0priemyseln\u00fdch odvetviach, udr\u017eate\u013en\u00e9mu region\u00e1lnemu rozvoju. V\u00a0s\u00fa\u010dasnosti je zodpovednou \u00a0rie\u0161ite\u013ekou projektu&hellip; <\/p>\n","protected":false},"author":1,"featured_media":0,"parent":0,"menu_order":0,"comment_status":"closed","ping_status":"closed","template":"","meta":{"footnotes":""},"class_list":["post-128","page","type-page","status-publish","hentry"],"_links":{"self":[{"href":"https:\/\/omzz.fberg.tuke.sk\/index.php?rest_route=\/wp\/v2\/pages\/128","targetHints":{"allow":["GET"]}}],"collection":[{"href":"https:\/\/omzz.fberg.tuke.sk\/index.php?rest_route=\/wp\/v2\/pages"}],"about":[{"href":"https:\/\/omzz.fberg.tuke.sk\/index.php?rest_route=\/wp\/v2\/types\/page"}],"author":[{"embeddable":true,"href":"https:\/\/omzz.fberg.tuke.sk\/index.php?rest_route=\/wp\/v2\/users\/1"}],"replies":[{"embeddable":true,"href":"https:\/\/omzz.fberg.tuke.sk\/index.php?rest_route=%2Fwp%2Fv2%2Fcomments&post=128"}],"version-history":[{"count":0,"href":"https:\/\/omzz.fberg.tuke.sk\/index.php?rest_route=\/wp\/v2\/pages\/128\/revisions"}],"wp:attachment":[{"href":"https:\/\/omzz.fberg.tuke.sk\/index.php?rest_route=%2Fwp%2Fv2%2Fmedia&parent=128"}],"curies":[{"name":"wp","href":"https:\/\/api.w.org\/{rel}","templated":true}]}}