{"id":124,"date":"2019-12-20T10:25:57","date_gmt":"2019-12-20T09:25:57","guid":{"rendered":"https:\/\/omzz.cp2.tuke.sk\/?page_id=124"},"modified":"2019-12-20T10:25:57","modified_gmt":"2019-12-20T09:25:57","slug":"profil-dr-h-c-prof-ing-michal-cehlar-phd","status":"publish","type":"page","link":"https:\/\/omzz.fberg.tuke.sk\/?page_id=124","title":{"rendered":"Profil \u2013 Dr.h.c. prof. Ing. Michal Cehl\u00e1r, PhD."},"content":{"rendered":"\n<p> P\u00f4sob\u00ed ako profesor v \u0161tudijnom programe Mana\u017e\u00e9rstvo zemsk\u00fdch zdrojov. Od 1. febru\u00e1ra 2015 je dekanom FBERG. V r\u00e1mci pedagogickej \u010dinnosti zabezpe\u010doval v\u00fdu\u010dbu v t\u00fdchto 20\u00a0 predmetoch (s celkov\u00fdm po\u010dtom odu\u010den\u00fdch semestrov 40): <\/p>\n\n\n\n<figure class=\"wp-block-table\"><table class=\"\"><tbody><tr><td>1. Rozpojovanie horn\u00edn<\/td><td>2. Ban\u00edctvo<\/td><td>3. Lomov\u00e9 dob\u00fdvanie lo\u017e\u00edsk &#8211; predn\u00e1\u0161ky a cvi\u010denia<\/td><\/tr><tr><td>4. Technol\u00f3gia \u0165a\u017eby<\/td><td>5. Technol\u00f3gia \u0165a\u017eby III.<\/td><td>6. Povrchov\u00e9 dob\u00fdvanie lo\u017e\u00edsk nerastov<\/td><\/tr><tr><td>7. Oce\u0148ovanie lo\u017e\u00edsk a posudzovanie efekt\u00edvnosti invest\u00edci\u00ed<\/td><td>8. Efekt\u00edvnos\u0165 invest\u00edci\u00ed<\/td><td>9. Dob\u00fdvanie a spracovanie stavebn\u00fdch surov\u00edn<\/td><\/tr><tr><td>10. Posudzovanie vplyvov \u010dinnost\u00ed na \u017eivotn\u00e9 prostredie<\/td><td>11. Legislat\u00edva odpadov\u00e9ho hospod\u00e1rstva<\/td><td>12. Oce\u0148ovanie pr\u00edrodn\u00fdch zdrojov<\/td><\/tr><tr><td>13. Posudzovanie efekt\u00edvnosti invest\u00edci\u00ed<\/td><td>14. Projektov\u00fd mana\u017ement<\/td><td>15. Technol\u00f3gie z\u00edskavania a spracovania nerastn\u00fdch surov\u00edn<\/td><\/tr><tr><td>16. Oce\u0148ovanie zemsk\u00fdch zdrojov<\/td><td>17. Progn\u00f3zovanie vyu\u017eitia zemsk\u00fdch zdrojov<\/td><td>18. Podnikate\u013esk\u00fd pl\u00e1n a inov\u00e1cie<\/td><\/tr><tr><td>19. Ekonomika odvetvia<\/td><td>20. Finan\u010dn\u00e9 investovanie<\/td><td><\/td><\/tr><\/tbody><\/table><\/figure>\n\n\n\n<p> Zaviedol nov\u00e9 predmetu v\u00fdu\u010dby a zabezpe\u010dil ich u\u010debn\u00fdmi textami: <\/p>\n\n\n\n<figure class=\"wp-block-table\"><table class=\"\"><tbody><tr><td><strong><em>N\u00e1zov&nbsp;&nbsp;&nbsp;&nbsp;&nbsp;&nbsp;&nbsp;&nbsp;&nbsp;&nbsp;&nbsp;<\/em><\/strong><\/td><td><strong><em>U\u010debn\u00e9 texty<\/em><\/strong><\/td><\/tr><tr><td>1. Projektov\u00fd mana\u017ement<\/td><td>Environment\u00e1lne aspekty podnikania<\/td><\/tr><tr><td><\/td><td>Environment\u00e1lne aspekty podnikania v&nbsp;cement\u00e1renskom priemysle \u2013 u\u010debn\u00e9 texty<\/td><\/tr><tr><td>2. Posudzovanie efekt\u00edvnosti invest\u00edci\u00ed<\/td><td>Oce\u0148ovanie lo\u017e\u00edsk nerastn\u00fdch surov\u00edn &#8211; monografia<\/td><\/tr><tr><td><\/td><td>Evaluation of Mineral Deposits &#8211; monografia<\/td><\/tr><tr><td>3. Oce\u0148ovanie pr\u00edrodn\u00fdch zdrojov<\/td><td>Oce\u0148ovanie lo\u017e\u00edsk nerastn\u00fdch surov\u00edn &#8211; monografia<\/td><\/tr><tr><td><\/td><td>Evaluation of Mineral Deposits &#8211; monografia<\/td><\/tr><tr><td>4. Legislat\u00edva odpadov\u00e9ho hospod\u00e1rstva<\/td><td>(s\u00fabor z\u00e1konov, vyhl\u00e1\u0161ok, nariaden\u00ed a&nbsp;\u010fal\u0161\u00edch pr\u00e1vnych predpisov) bez p\u00f4vodnej literat\u00fary<\/td><\/tr><tr><td>5. Posudzovanie vplyvov \u010dinnost\u00ed na \u017eivotn\u00e9 prostredie<\/td><td>(s\u00fabor z\u00e1konov, vyhl\u00e1\u0161ok, nariaden\u00ed a&nbsp;\u010fal\u0161\u00edch pr\u00e1vnych predpisov) bez p\u00f4vodnej literat\u00fary<\/td><\/tr><tr><td>6. Efekt\u00edvnos\u0165 invest\u00edci\u00ed<\/td><td>Oce\u0148ovanie lo\u017e\u00edsk nerastn\u00fdch surov\u00edn &#8211; monografia<\/td><\/tr><tr><td><\/td><td>Evaluation of Mineral Deposits &#8211; monografia<\/td><\/tr><tr><td>7. Oce\u0148ovanie lo\u017e\u00edsk a posudzovanie efekt\u00edvnosti invest\u00edci\u00ed<\/td><td>Oce\u0148ovanie lo\u017e\u00edsk nerastn\u00fdch surov\u00edn &#8211; monografia<\/td><\/tr><tr><td><\/td><td>Evaluation of Mineral Deposits &#8211; monografia<\/td><\/tr><tr><td>8. Povrchov\u00e9 dob\u00fdvanie lo\u017e\u00edsk nerastov<\/td><td>Povrchov\u00e9 dob\u00fdvanie &#8211; monografia<\/td><\/tr><tr><td><\/td><td>Surface Mining \u2013 monografia<\/td><\/tr><tr><td><\/td><td>Pou\u017eitie trhav\u00edn v&nbsp;kr\u00edzov\u00fdch situ\u00e1ci\u00e1ch \u2013 monografia<\/td><\/tr><tr><td>9. Technol\u00f3gie z\u00edskavania a&nbsp;spracovania zemsk\u00fdch zdrojov<\/td><td>Povrchov\u00e9 dob\u00fdvanie &#8211; monografia<\/td><\/tr><tr><td><\/td><td>Surface Mining \u2013 monografia<\/td><\/tr><tr><td><\/td><td>Pou\u017eitie trhav\u00edn v&nbsp;kr\u00edzov\u00fdch situ\u00e1ci\u00e1ch \u2013 monografia<\/td><\/tr><tr><td>10. Podnikate\u013esk\u00fd pl\u00e1n a&nbsp;inov\u00e1cie<\/td><td>Podnikate\u013esk\u00fd pl\u00e1n a inov\u00e1cie &#8211; u\u010debn\u00fd text<\/td><\/tr><\/tbody><\/table><\/figure>\n\n\n\n<p><strong>Vedecko \u2013 v\u00fdskumn\u00e9 \u010dinnosti:<\/strong>\n\nV\u00ddSLEDKY DOSIAHNUT\u00c9 V OBLASTI PROJEKTOV&nbsp; VEGA A KEGA:\n\nRiadenie \u0165a\u017eobn\u00e9ho podniku &#8211; informa\u010dn\u00fd syst\u00e9m a jeho vplyv na vyu\u017e\u00edvanie a zhodnotenie lo\u017eiska.\nZhodnocovanie \u0165a\u017eobn\u00e9ho podniku \u2013 informa\u010dn\u00fd syst\u00e9m pre podporu riadenia podniku, tvorba \u0161tudijn\u00e9ho web-based kurzu.\n\nV\u00fdskumn\u00e9 \u00falohy &#8211; dom\u00e1ce\n\nV\u00ddSLEDKY DOSIAHNUT\u00c9 V OBLASTI PROJEKTOV&nbsp; VEGA:\n\nAnal\u00fdza a modelovanie geologicko-technologick\u00fdch parametrov nebilan\u010dn\u00fdch\n hnedouho\u013en\u00fdch lo\u017e\u00edsk a overenie mo\u017enosti ich vyu\u017eitia pre podzemn\u00e9 \nsply\u0148ovanie.\nN\u00e1vrh efekt\u00edvneho logistick\u00e9ho syst\u00e9mu pre priemyseln\u00e9 a komun\u00e1lne \nodpadov\u00e9 hospod\u00e1rstvo.\nTechnologick\u00e9 aspekty optimaliz\u00e1cie vyh\u013ead\u00e1vania, \u0165a\u017eby, spracovania a \nvyu\u017eitia uho\u013en\u00e9ho met\u00e1nu v podmienkach regi\u00f3nu strednej Eur\u00f3py.\nB\u00e1za vedomost\u00ed v oblasti z\u00edskavania, vyu\u017e\u00edvania a spracovania zemsk\u00fdch \nzdrojov.\n\u0160t\u00fadium mo\u017enost\u00edvyu\u017eitia vybran\u00fdch dom\u00e1cich pr\u00edrodn\u00fdch materi\u00e1lov v \nniektor\u00fdch metalurgick\u00fdch procesoch.\nFyzik\u00e1lno \u2013 chemick\u00e9 vl\u00f4astnosti oxidick\u00fdch syst\u00e9mov z oblasti \nmetalurgie.\n\nV\u00fdskumn\u00e9 \u00falohy &#8211; zahrani\u010dn\u00e9\n\nV\u00ddSLEDKY DOSIAHNUT\u00c9 V OBLASTI VI. R\u00c1MCOV\u00c9HO PROGRAMU\nInternational consortium and deal with the project SAKE \n(Semantic-enabled knowledge based e-Government \u2013 6 framework programme, \nPriority 2 \u2013 Information society technologies, No. 027128) granted by \nthe Commission of the European Communities. (2007-2009)\n\nCENTRUM EXCELENTNOSTI\nCentrum excelentnosti \u2013 \u201cpre v\u00fdskum a implement\u00e1ciu dobrovo\u013en\u00fdch \nn\u00e1strojov environment\u00e1lnej politiky\u201d OPVaV-2009\/2.1\/03-SORO\n\nPONUKA SPOLUPR\u00c1CE\nTEMPUS projekt IDEAS \u2013 Improvement and Development of Environmental \nAwareness at Schools in Serbia 511325-TEMPUS-1-2010-1-AT-TEMPUS-JPCR\nProjekt VEGA \u2013 \u0164a\u017eobn\u00fd podnik v kr\u00edze\n\n<strong>\u010clenstvo v dom\u00e1cich rad\u00e1ch a&nbsp;komisi\u00e1ch:&nbsp;<\/strong><\/p>\n\n\n\n<ul class=\"wp-block-list\"><li>\u010dlen Vedeckej rady Fakulty BERG TU v&nbsp;Ko\u0161iciach (2000 &#8211; s\u00fa\u010dasnos\u0165)<\/li><li>\u010dlen Vedeckej rady Technickej univerzity v&nbsp;Ko\u0161iciach (2007- s\u00fa\u010dasnos\u0165)<\/li><li>\u010dlen Vedeckej rady Akad\u00e9mie ozbrojen\u00fdch s\u00edl Gener\u00e1la Milana Rastislava \u0160tef\u00e1nika v&nbsp;Liptovskom Mikul\u00e1\u0161i (2008 \u2013 s\u00fa\u010dasnos\u0165)<\/li><li>\u010dlen Vedeckej rady Leteckej fakulty TU v&nbsp;Ko\u0161iciach (2008 \u2013 s\u00fa\u010dasnos\u0165)<\/li><li>\u010dlen Spolo\u010dnej odborovej komisie pre doktorandsk\u00e9 \u0161t\u00fadium vo \nvednom odbore 21-04-9 Dob\u00fdvanie lo\u017e\u00edsk nerastov a geotechnika pri \nFakulte BERG TU Ko\u0161ice (2001 &#8211; s\u00fa\u010dasnos\u0165)<\/li><li>\u010dlen Spolo\u010dnej odborovej komisie pre doktorandsk\u00e9 \u0161t\u00fadium vo \nvednom odbore 21-05-9 Riadenie procesov z\u00edskavania a&nbsp;spracovania surov\u00edn\n pri Fakulte BERG TU Ko\u0161ice (2001 &#8211; s\u00fa\u010dasnos\u0165)<\/li><li>\u010dlen Odborovej komisie pre doktorandsk\u00e9 \u0161t\u00fadium Z\u00edskavanie \na&nbsp;spravovanie zemsk\u00fdch zdrojov pri Fakulte BERG TU v&nbsp;Ko\u0161iciach (2006- \ns\u00fa\u010dasnos\u0165)<\/li><li>\u010dlen odborovej komisie 5.2.59 Doprava, \u0161tudijn\u00fd program Riadenie leteckej dopravy pri Leteckej fakulte TU v Ko\u0161iciach<\/li><li>\u010dlen Komisie pre obhajoby doktorsk\u00fdch dizerta\u010dn\u00fdch pr\u00e1c vo vednom \nodbore 21-04-9 Dob\u00fdvanie lo\u017e\u00edsk nerastov a geotechnika (2001 &#8211; \ns\u00fa\u010dasnos\u0165)<\/li><li>\u010dlen Komisie pre obhajoby doktorsk\u00fdch dizerta\u010dn\u00fdch pr\u00e1c vo vednom \nodbore21-05-9 Riadenie procesov z\u00edskavania a&nbsp;spracovania surov\u00edn (2001 &#8211;\n s\u00fa\u010dasnos\u0165)<\/li><li>\u010dlen Komisie pre obhajoby doktorsk\u00fdch dizerta\u010dn\u00fdch pr\u00e1c v&nbsp;\u0161tudijnom programe Ekonomika zemsk\u00fdch zdrojov (2006 &#8211; s\u00fa\u010dasnos\u0165)<\/li><li>\u010dlen Komisie pre obhajoby doktorsk\u00fdch dizerta\u010dn\u00fdch pr\u00e1c \nv&nbsp;\u0161tudijnom programe Vyu\u017e\u00edvanie a&nbsp;ochrana zemsk\u00fdch zdrojov (2006 &#8211; \ns\u00fa\u010dasnos\u0165)<\/li><li>\u010dlen Komisie pre \u0161t\u00e1tne z\u00e1vere\u010dn\u00e9 sk\u00fa\u0161ky v&nbsp;in\u017einierskom \u0161t\u00fadiu \nv&nbsp;odbore Ropn\u00e9 in\u017einierstvo Fakulty BERG TU v&nbsp;Ko\u0161iciach (2000 &#8211; \ns\u00fa\u010dasnos\u0165)<\/li><li>\u010dlen Komisie pre \u0161t\u00e1tne z\u00e1vere\u010dn\u00e9 sk\u00fa\u0161ky v&nbsp;in\u017einierskom \u0161t\u00fadiu \nv&nbsp;odbore Vyu\u017e\u00edvanie a&nbsp;ochrana zemsk\u00fdch zdrojov Fakulty BERG TU \nv&nbsp;Ko\u0161iciach (1995 &#8211; s\u00fa\u010dasnos\u0165)<\/li><li>\u010dlen Komisie pre \u0161t\u00e1tne z\u00e1vere\u010dn\u00e9 sk\u00fa\u0161ky v&nbsp;bakal\u00e1rskom \u0161t\u00fadiu \nv&nbsp;programe Mana\u017e\u00e9rstvo zemsk\u00fdch zdrojov Fakulty BERG TU v&nbsp;Ko\u0161iciach \n(2006 &#8211; s\u00fa\u010dasnos\u0165)<\/li><li>\u010dlen Komisie pre \u0161t\u00e1tne z\u00e1vere\u010dn\u00e9 sk\u00fa\u0161ky v&nbsp;in\u017einierskom \u0161t\u00fadiu \nv&nbsp;programe Mana\u017e\u00e9rstvo zemsk\u00fdch zdrojov Fakulty BERG TU v&nbsp;Ko\u0161iciach \n(2006 &#8211; s\u00fa\u010dasnos\u0165)<\/li><li>\u010dlen Komisie pre \u0161t\u00e1tne z\u00e1vere\u010dn\u00e9 sk\u00fa\u0161ky v&nbsp;in\u017einierskom \u0161t\u00fadiu \nv&nbsp;programe Priemyseln\u00e1 logistika Strojn\u00edckej fakulty TU v&nbsp;Ko\u0161iciach \n(2008 &#8211; s\u00fa\u010dasnos\u0165)<\/li><li>\u010dlen Komisie pre \u0161t\u00e1tne z\u00e1vere\u010dn\u00e9 sk\u00fa\u0161ky v&nbsp;in\u017einierskom \u0161t\u00fadiu \nv&nbsp;programe Mana\u017ement letovej prev\u00e1dzky Leteckej fakulty TU v&nbsp;Ko\u0161iciach \n(2008 &#8211; s\u00fa\u010dasnos\u0165)<\/li><li>\u010dlen Spolo\u010dnosti pre v\u0155tacie a&nbsp;trhacie pr\u00e1ce (1995 \u2013 s\u00fa\u010dasnos\u0165)<\/li><li>\u010dlen Slovenskej b\u00e1nskej spolo\u010dnosti (1995 \u2013 s\u00fa\u010dasnos\u0165)<\/li><li>\u010dlen SOMP, Siciety of Minning Professors, spolok svetov\u00fdch bansk\u00fdch profesorov (2006 \u2013 s\u00fa\u010dasnos\u0165)<\/li><li>\u010dlen redak\u010dnej rady \u010dasopisu Transactions of the Universities of Ko\u0161ice (2006 &#8211; s\u00fa\u010dasnos\u0165)<\/li><li>\u010dlen redak\u010dnej rady \u010dasopisu Acta Avionica (2006 &#8211; s\u00fa\u010dasnos\u0165)<\/li><li>\u010dlen redak\u010dnej rady \u010dasopisu Mana\u017ement podnikania a&nbsp;vec\u00ed verejn\u00fdch, Klub mana\u017e\u00e9rov, Slovensk\u00e1 akad\u00e9mia mana\u017ementu.<\/li><li>\u010dlen koordina\u010dnej komisie pre Slovensk\u00fa Energetick\u00fa Bezpe\u010dnos\u0165 Ministerstva hospod\u00e1rstva SR<\/li><\/ul>\n","protected":false},"excerpt":{"rendered":"<p>P\u00f4sob\u00ed ako profesor v \u0161tudijnom programe Mana\u017e\u00e9rstvo zemsk\u00fdch zdrojov. Od 1. febru\u00e1ra 2015 je dekanom FBERG. V r\u00e1mci pedagogickej \u010dinnosti zabezpe\u010doval v\u00fdu\u010dbu v t\u00fdchto 20\u00a0 predmetoch (s celkov\u00fdm po\u010dtom odu\u010den\u00fdch semestrov 40): 1. Rozpojovanie horn\u00edn 2. Ban\u00edctvo 3. Lomov\u00e9 dob\u00fdvanie&hellip; <\/p>\n","protected":false},"author":1,"featured_media":0,"parent":0,"menu_order":0,"comment_status":"closed","ping_status":"closed","template":"","meta":{"footnotes":""},"class_list":["post-124","page","type-page","status-publish","hentry"],"_links":{"self":[{"href":"https:\/\/omzz.fberg.tuke.sk\/index.php?rest_route=\/wp\/v2\/pages\/124","targetHints":{"allow":["GET"]}}],"collection":[{"href":"https:\/\/omzz.fberg.tuke.sk\/index.php?rest_route=\/wp\/v2\/pages"}],"about":[{"href":"https:\/\/omzz.fberg.tuke.sk\/index.php?rest_route=\/wp\/v2\/types\/page"}],"author":[{"embeddable":true,"href":"https:\/\/omzz.fberg.tuke.sk\/index.php?rest_route=\/wp\/v2\/users\/1"}],"replies":[{"embeddable":true,"href":"https:\/\/omzz.fberg.tuke.sk\/index.php?rest_route=%2Fwp%2Fv2%2Fcomments&post=124"}],"version-history":[{"count":0,"href":"https:\/\/omzz.fberg.tuke.sk\/index.php?rest_route=\/wp\/v2\/pages\/124\/revisions"}],"wp:attachment":[{"href":"https:\/\/omzz.fberg.tuke.sk\/index.php?rest_route=%2Fwp%2Fv2%2Fmedia&parent=124"}],"curies":[{"name":"wp","href":"https:\/\/api.w.org\/{rel}","templated":true}]}}